{"id":10760,"date":"2025-02-25T13:15:46","date_gmt":"2025-02-25T11:15:46","guid":{"rendered":"http:\/\/localhost\/wordpress\/?page_id=10760"},"modified":"2025-07-30T10:53:18","modified_gmt":"2025-07-30T08:53:18","slug":"impressum","status":"publish","type":"page","link":"https:\/\/amasol.com\/de\/imprint\/","title":{"rendered":"Impressum"},"content":{"rendered":"<div data-elementor-type=\"wp-page\" data-elementor-id=\"10760\" class=\"elementor elementor-10760\" data-elementor-post-type=\"page\">\n\t\t\t\t<div class=\"elementor-element elementor-element-24fce53 e-flex e-con-boxed e-con e-parent\" data-id=\"24fce53\" data-element_type=\"container\" data-settings=\"{&quot;background_background&quot;:&quot;classic&quot;}\">\n\t\t\t\t\t<div class=\"e-con-inner\">\n\t\t<div class=\"elementor-element elementor-element-bc25e0c e-con-full e-flex e-con e-child\" data-id=\"bc25e0c\" data-element_type=\"container\">\n\t\t\t\t<div class=\"elementor-element elementor-element-c830fd5 elementor-widget__width-initial elementor-widget elementor-widget-image\" data-id=\"c830fd5\" data-element_type=\"widget\" data-widget_type=\"image.default\">\n\t\t\t\t<div class=\"elementor-widget-container\">\n\t\t\t\t\t\t\t\t\t\t\t\t\t\t\t<img fetchpriority=\"high\" decoding=\"async\" width=\"800\" height=\"513\" src=\"https:\/\/amasol.com\/wp-content\/uploads\/2025\/06\/About_us_Banner_colour_2560x1640-1024x656.png\" class=\"attachment-large size-large wp-image-24822\" alt=\"amasol Miniaturwelt\" srcset=\"https:\/\/amasol.com\/wp-content\/uploads\/2025\/06\/About_us_Banner_colour_2560x1640-1024x656.png 1024w, https:\/\/amasol.com\/wp-content\/uploads\/2025\/06\/About_us_Banner_colour_2560x1640-300x192.png 300w, https:\/\/amasol.com\/wp-content\/uploads\/2025\/06\/About_us_Banner_colour_2560x1640-768x492.png 768w, https:\/\/amasol.com\/wp-content\/uploads\/2025\/06\/About_us_Banner_colour_2560x1640-1536x984.png 1536w, https:\/\/amasol.com\/wp-content\/uploads\/2025\/06\/About_us_Banner_colour_2560x1640-2048x1312.png 2048w, https:\/\/amasol.com\/wp-content\/uploads\/2025\/06\/About_us_Banner_colour_2560x1640-18x12.png 18w\" sizes=\"(max-width: 800px) 100vw, 800px\" \/>\t\t\t\t\t\t\t\t\t\t\t\t\t\t\t<\/div>\n\t\t\t\t<\/div>\n\t\t\t\t<\/div>\n\t\t<div class=\"elementor-element elementor-element-7c3c290 e-con-full e-flex e-con e-child\" data-id=\"7c3c290\" data-element_type=\"container\">\n\t\t<div class=\"elementor-element elementor-element-87dc3d4 e-con-full e-flex e-con e-child\" data-id=\"87dc3d4\" data-element_type=\"container\">\n\t\t\t\t<div class=\"elementor-element elementor-element-8ceaec9 custom_h2_tag_43 elementor-widget elementor-widget-heading\" data-id=\"8ceaec9\" data-element_type=\"widget\" data-widget_type=\"heading.default\">\n\t\t\t\t<div class=\"elementor-widget-container\">\n\t\t\t\t\t<h1 class=\"elementor-heading-title elementor-size-default\">Impressum<\/h1>\t\t\t\t<\/div>\n\t\t\t\t<\/div>\n\t\t\t\t<div class=\"elementor-element elementor-element-6849b80 elementor-widget-widescreen__width-initial elementor-widget-laptop__width-initial elementor-widget elementor-widget-text-editor\" data-id=\"6849b80\" data-element_type=\"widget\" data-widget_type=\"text-editor.default\">\n\t\t\t\t<div class=\"elementor-widget-container\">\n\t\t\t\t\t\t\t\t\t<p>Angaben gem\u00e4\u00df \u00a7 5 TMG:<\/p><p><strong>amasol GmbH\u00a0<\/strong><\/p><p>Campus Neue Balan<br \/>Claudius-Keller-Stra\u00dfe 3 B<br \/>81669 M\u00fcnchen<br \/>Tel.: +49 89 1894743-0<br \/>Fax: +49 89 1894743-99<br \/><a href=\"mailto:info@amasol.de\"><span class=\"color-blue\">info(at)amasol.de<\/span><\/a><\/p><div class=\"two-column-block__col-last wow fadeInRight\"><p><strong><span class=\"color-red\">Vertreten durch<\/span><\/strong><\/p><p>Frank Jahn<\/p><p><strong><span class=\"color-red\">Handelsregister und Umsatzsteuer<\/span><\/strong><\/p><p>Amtsgericht M\u00fcnchen HRB 282168<br \/>Sitz der Gesellschaft M\u00fcnchen<br \/><br \/><strong>USt-IdNr.\u00a0<\/strong>DE204774530<\/p><\/div>\t\t\t\t\t\t\t\t<\/div>\n\t\t\t\t<\/div>\n\t\t\t\t<\/div>\n\t\t\t\t<\/div>\n\t\t\t\t\t<\/div>\n\t\t\t\t<\/div>\n\t\t<div class=\"elementor-element elementor-element-bf10380 e-flex e-con-boxed e-con e-parent\" data-id=\"bf10380\" data-element_type=\"container\" data-settings=\"{&quot;background_background&quot;:&quot;classic&quot;}\">\n\t\t\t\t\t<div class=\"e-con-inner\">\n\t\t<div class=\"elementor-element elementor-element-7c8fb91 e-con-full e-flex e-con e-child\" data-id=\"7c8fb91\" data-element_type=\"container\">\n\t\t<div class=\"elementor-element elementor-element-07a65e8 e-con-full e-flex e-con e-child\" data-id=\"07a65e8\" data-element_type=\"container\">\n\t\t<div class=\"elementor-element elementor-element-4aca8bd e-con-full e-flex e-con e-child\" data-id=\"4aca8bd\" data-element_type=\"container\">\n\t\t\t\t<div class=\"elementor-element elementor-element-89be4ca custom_h2_tag elementor-widget elementor-widget-heading\" data-id=\"89be4ca\" data-element_type=\"widget\" data-widget_type=\"heading.default\">\n\t\t\t\t<div class=\"elementor-widget-container\">\n\t\t\t\t\t<h2 class=\"elementor-heading-title elementor-size-default\">Verantwortlich f\u00fcr den Inhalt nach \u00a7 55 Abs. 2 RStV:<\/h2>\t\t\t\t<\/div>\n\t\t\t\t<\/div>\n\t\t\t\t<\/div>\n\t\t\t\t<\/div>\n\t\t<div class=\"elementor-element elementor-element-612fb54 e-con-full e-flex e-con e-child\" data-id=\"612fb54\" data-element_type=\"container\">\n\t\t\t\t<div class=\"elementor-element elementor-element-e432d8f elementor-widget elementor-widget-text-editor\" data-id=\"e432d8f\" data-element_type=\"widget\" data-widget_type=\"text-editor.default\">\n\t\t\t\t<div class=\"elementor-widget-container\">\n\t\t\t\t\t\t\t\t\t<p><strong>Frank Jahn<\/strong><br \/>amasol GmbH <br \/>Campus Neue Balan <br \/>Claudius-Keller-Stra\u00dfe 3 B <br \/>81669 M\u00fcnchen<\/p>\t\t\t\t\t\t\t\t<\/div>\n\t\t\t\t<\/div>\n\t\t\t\t<\/div>\n\t\t\t\t<\/div>\n\t\t<div class=\"elementor-element elementor-element-f3649d4 e-con-full e-flex e-con e-child\" data-id=\"f3649d4\" data-element_type=\"container\">\n\t\t<div class=\"elementor-element elementor-element-1328eef e-con-full e-grid e-con e-child\" data-id=\"1328eef\" data-element_type=\"container\" data-settings=\"{&quot;background_background&quot;:&quot;classic&quot;}\">\n\t\t\t\t<div class=\"elementor-element elementor-element-5008a24 elementor-widget elementor-widget-image-box\" data-id=\"5008a24\" data-element_type=\"widget\" data-widget_type=\"image-box.default\">\n\t\t\t\t<div class=\"elementor-widget-container\">\n\t\t\t\t\t<div class=\"elementor-image-box-wrapper\"><div class=\"elementor-image-box-content\"><h3 class=\"elementor-image-box-title\">Haftung f\u00fcr Inhalte<\/h3><p class=\"elementor-image-box-description\">Als Diensteanbieter sind wir gem\u00e4\u00df \u00a7 7 Abs.1 TMG f\u00fcr eigene Inhalte auf diesen Seiten nach den allgemeinen Gesetzen verantwortlich. Nach \u00a7\u00a7 8 bis 10 TMG sind wir als Diensteanbieter jedoch nicht verpflichtet, \u00fcbermittelte oder gespeicherte fremde Informationen zu \u00fcberwachen oder nach Umst\u00e4nden zu forschen, die auf eine rechtswidrige T\u00e4tigkeit hinweisen. Verpflichtungen zur Entfernung oder Sperrung der Nutzung von Informationen nach den allgemeinen Gesetzen bleiben hiervon unber\u00fchrt. Eine diesbez\u00fcgliche Haftung ist jedoch erst ab dem Zeitpunkt der Kenntnis einer konkreten Rechtsverletzung m\u00f6glich. Bei Bekanntwerden von entsprechenden Rechtsverletzungen werden wir diese Inhalte umgehend entfernen.<\/p><\/div><\/div>\t\t\t\t<\/div>\n\t\t\t\t<\/div>\n\t\t\t\t<div class=\"elementor-element elementor-element-c02fd4a elementor-widget elementor-widget-image-box\" data-id=\"c02fd4a\" data-element_type=\"widget\" data-widget_type=\"image-box.default\">\n\t\t\t\t<div class=\"elementor-widget-container\">\n\t\t\t\t\t<div class=\"elementor-image-box-wrapper\"><div class=\"elementor-image-box-content\"><h3 class=\"elementor-image-box-title\">Haftung f\u00fcr Links<\/h3><p class=\"elementor-image-box-description\">Unser Angebot enth\u00e4lt Links zu externen Websites Dritter, auf deren Inhalte wir keinen Einfluss haben. Deshalb k\u00f6nnen wir f\u00fcr diese fremden Inhalte auch keine Gew\u00e4hr \u00fcbernehmen. F\u00fcr die Inhalte der verlinkten Seiten ist stets der jeweilige Anbieter oder Betreiber der Seiten verantwortlich. Die verlinkten Seiten wurden zum Zeitpunkt der Verlinkung auf m\u00f6gliche Rechtsverst\u00f6\u00dfe \u00fcberpr\u00fcft. Rechtswidrige Inhalte waren zum Zeitpunkt der Verlinkung nicht erkennbar. Eine permanente inhaltliche Kontrolle der verlinkten Seiten ist jedoch ohne konkrete Anhaltspunkte einer Rechtsverletzung nicht zumutbar. Bei Bekanntwerden von Rechtsverletzungen werden wir derartige Links umgehend entfernen.<\/p><\/div><\/div>\t\t\t\t<\/div>\n\t\t\t\t<\/div>\n\t\t\t\t<div class=\"elementor-element elementor-element-ccd239d elementor-widget elementor-widget-image-box\" data-id=\"ccd239d\" data-element_type=\"widget\" data-widget_type=\"image-box.default\">\n\t\t\t\t<div class=\"elementor-widget-container\">\n\t\t\t\t\t<div class=\"elementor-image-box-wrapper\"><div class=\"elementor-image-box-content\"><h3 class=\"elementor-image-box-title\">Urheberrecht<\/h3><p class=\"elementor-image-box-description\">Die durch die Seitenbetreiber erstellten Inhalte und Werke auf diesen Seiten unterliegen dem deutschen Urheberrecht. Die Vervielf\u00e4ltigung, Bearbeitung, Verbreitung und jede Art der Verwertung au\u00dferhalb der Grenzen des Urheberrechtes bed\u00fcrfen der schriftlichen Zustimmung des jeweiligen Autors bzw. Erstellers. Downloads und Kopien dieser Seite sind nur f\u00fcr den privaten, nicht kommerziellen Gebrauch gestattet. Soweit die Inhalte auf dieser Seite nicht vom Betreiber erstellt wurden, werden die Urheberrechte Dritter beachtet. Insbesondere werden Inhalte Dritter als solche gekennzeichnet. Sollten Sie trotzdem auf eine Urheberrechtsverletzung aufmerksam werden, bitten wir um einen entsprechenden Hinweis. Bei Bekanntwerden von Rechtsverletzungen werden wir derartige Inhalte umgehend entfernen.<\/p><\/div><\/div>\t\t\t\t<\/div>\n\t\t\t\t<\/div>\n\t\t\t\t<\/div>\n\t\t\t\t<\/div>\n\t\t\t\t\t<\/div>\n\t\t\t\t<\/div>\n\t\t<div class=\"elementor-element elementor-element-272be05 e-flex e-con-boxed e-con e-parent\" data-id=\"272be05\" data-element_type=\"container\" data-settings=\"{&quot;background_background&quot;:&quot;classic&quot;}\">\n\t\t\t\t\t<div class=\"e-con-inner\">\n\t\t\t\t<div class=\"elementor-element elementor-element-3a2f637 custom_h2_tag elementor-widget elementor-widget-heading\" data-id=\"3a2f637\" data-element_type=\"widget\" data-widget_type=\"heading.default\">\n\t\t\t\t<div class=\"elementor-widget-container\">\n\t\t\t\t\t<h2 class=\"elementor-heading-title elementor-size-default\">Gestaltung und Programmierung<\/h2>\t\t\t\t<\/div>\n\t\t\t\t<\/div>\n\t\t\t\t<div class=\"elementor-element elementor-element-33cdece elementor-position-left elementor-vertical-align-middle elementor-position-top elementor-widget elementor-widget-image-box\" data-id=\"33cdece\" data-element_type=\"widget\" data-widget_type=\"image-box.default\">\n\t\t\t\t<div class=\"elementor-widget-container\">\n\t\t\t\t\t<div class=\"elementor-image-box-wrapper\"><figure class=\"elementor-image-box-img\"><img decoding=\"async\" src=\"https:\/\/amasol.com\/wp-content\/uploads\/2025\/06\/About_us_Banner_colour_2560x1640.png\" title=\"\" alt=\"\" loading=\"lazy\" \/><\/figure><div class=\"elementor-image-box-content\"><h3 class=\"elementor-image-box-title\">Programmierung<\/h3><p class=\"elementor-image-box-description\">The Web People <\/p><\/div><\/div>\t\t\t\t<\/div>\n\t\t\t\t<\/div>\n\t\t\t\t<div class=\"elementor-element elementor-element-a0fea80 elementor-position-left elementor-vertical-align-middle elementor-position-top elementor-widget elementor-widget-image-box\" data-id=\"a0fea80\" data-element_type=\"widget\" data-widget_type=\"image-box.default\">\n\t\t\t\t<div class=\"elementor-widget-container\">\n\t\t\t\t\t<div class=\"elementor-image-box-wrapper\"><figure class=\"elementor-image-box-img\"><img decoding=\"async\" width=\"2560\" height=\"1640\" src=\"https:\/\/amasol.com\/wp-content\/uploads\/2025\/06\/Green_IT_Banner_colour_2560x1640-scaled.png\" class=\"attachment-full size-full wp-image-24829\" alt=\"amasol Miniaturwelt mit einer Batterie, einem Auto und B\u00e4umen\" srcset=\"https:\/\/amasol.com\/wp-content\/uploads\/2025\/06\/Green_IT_Banner_colour_2560x1640-scaled.png 2560w, https:\/\/amasol.com\/wp-content\/uploads\/2025\/06\/Green_IT_Banner_colour_2560x1640-300x192.png 300w, https:\/\/amasol.com\/wp-content\/uploads\/2025\/06\/Green_IT_Banner_colour_2560x1640-1024x656.png 1024w, https:\/\/amasol.com\/wp-content\/uploads\/2025\/06\/Green_IT_Banner_colour_2560x1640-768x492.png 768w, https:\/\/amasol.com\/wp-content\/uploads\/2025\/06\/Green_IT_Banner_colour_2560x1640-1536x984.png 1536w, https:\/\/amasol.com\/wp-content\/uploads\/2025\/06\/Green_IT_Banner_colour_2560x1640-2048x1312.png 2048w, https:\/\/amasol.com\/wp-content\/uploads\/2025\/06\/Green_IT_Banner_colour_2560x1640-18x12.png 18w\" sizes=\"(max-width: 2560px) 100vw, 2560px\" \/><\/figure><div class=\"elementor-image-box-content\"><h3 class=\"elementor-image-box-title\">Gestaltung<\/h3><p class=\"elementor-image-box-description\">Bitter Kommunikation Design<\/p><\/div><\/div>\t\t\t\t<\/div>\n\t\t\t\t<\/div>\n\t\t\t\t<div class=\"elementor-element elementor-element-d6851a2 elementor-position-left elementor-vertical-align-middle elementor-position-top elementor-widget elementor-widget-image-box\" data-id=\"d6851a2\" data-element_type=\"widget\" data-widget_type=\"image-box.default\">\n\t\t\t\t<div class=\"elementor-widget-container\">\n\t\t\t\t\t<div class=\"elementor-image-box-wrapper\"><figure class=\"elementor-image-box-img\"><img decoding=\"async\" width=\"2560\" height=\"1640\" src=\"https:\/\/amasol.com\/wp-content\/uploads\/2025\/06\/Whitepaper_Banner_colour_2560x1640-scaled.png\" class=\"attachment-full size-full wp-image-24848\" alt=\"amasol Miniaturwelt mit einer Tupperdose und einem Banner mit einem Pfeil nach unten\" srcset=\"https:\/\/amasol.com\/wp-content\/uploads\/2025\/06\/Whitepaper_Banner_colour_2560x1640-scaled.png 2560w, https:\/\/amasol.com\/wp-content\/uploads\/2025\/06\/Whitepaper_Banner_colour_2560x1640-300x192.png 300w, https:\/\/amasol.com\/wp-content\/uploads\/2025\/06\/Whitepaper_Banner_colour_2560x1640-1024x656.png 1024w, https:\/\/amasol.com\/wp-content\/uploads\/2025\/06\/Whitepaper_Banner_colour_2560x1640-768x492.png 768w, https:\/\/amasol.com\/wp-content\/uploads\/2025\/06\/Whitepaper_Banner_colour_2560x1640-1536x984.png 1536w, https:\/\/amasol.com\/wp-content\/uploads\/2025\/06\/Whitepaper_Banner_colour_2560x1640-2048x1312.png 2048w, https:\/\/amasol.com\/wp-content\/uploads\/2025\/06\/Whitepaper_Banner_colour_2560x1640-18x12.png 18w\" sizes=\"(max-width: 2560px) 100vw, 2560px\" \/><\/figure><div class=\"elementor-image-box-content\"><h3 class=\"elementor-image-box-title\">Bildnachweise<\/h3><p class=\"elementor-image-box-description\">\u00a9 Wolf-Dieter B\u00f6ttcher<\/p><\/div><\/div>\t\t\t\t<\/div>\n\t\t\t\t<\/div>\n\t\t\t\t\t<\/div>\n\t\t\t\t<\/div>\n\t\t\t\t<\/div>","protected":false},"excerpt":{"rendered":"<p>Impressum und Firmeninformationen der amasol GmbH gem\u00e4\u00df \u00a75 TMG. Beinhaltet Kontaktdaten, Firmeneintragung und Verantwortliche.<\/p>","protected":false},"author":259155764,"featured_media":24822,"parent":0,"menu_order":0,"comment_status":"closed","ping_status":"closed","template":"elementor_header_footer","meta":{"footnotes":""},"class_list":["post-10760","page","type-page","status-publish","has-post-thumbnail","hentry"],"_links":{"self":[{"href":"https:\/\/amasol.com\/de\/wp-json\/wp\/v2\/pages\/10760","targetHints":{"allow":["GET"]}}],"collection":[{"href":"https:\/\/amasol.com\/de\/wp-json\/wp\/v2\/pages"}],"about":[{"href":"https:\/\/amasol.com\/de\/wp-json\/wp\/v2\/types\/page"}],"author":[{"embeddable":true,"href":"https:\/\/amasol.com\/de\/wp-json\/wp\/v2\/users\/259155764"}],"replies":[{"embeddable":true,"href":"https:\/\/amasol.com\/de\/wp-json\/wp\/v2\/comments?post=10760"}],"version-history":[{"count":0,"href":"https:\/\/amasol.com\/de\/wp-json\/wp\/v2\/pages\/10760\/revisions"}],"wp:featuredmedia":[{"embeddable":true,"href":"https:\/\/amasol.com\/de\/wp-json\/wp\/v2\/media\/24822"}],"wp:attachment":[{"href":"https:\/\/amasol.com\/de\/wp-json\/wp\/v2\/media?parent=10760"}],"curies":[{"name":"wp","href":"https:\/\/api.w.org\/{rel}","templated":true}]}}