{"id":19459,"date":"2025-04-24T16:15:19","date_gmt":"2025-04-24T14:15:19","guid":{"rendered":"https:\/\/amasol.com\/?page_id=19459"},"modified":"2025-11-11T16:28:20","modified_gmt":"2025-11-11T15:28:20","slug":"sicherheitsstandards","status":"publish","type":"page","link":"https:\/\/amasol.com\/de\/security-standards\/","title":{"rendered":"Sicherheitsstandards bei amasol"},"content":{"rendered":"<div data-elementor-type=\"wp-page\" data-elementor-id=\"19459\" class=\"elementor elementor-19459\" data-elementor-post-type=\"page\">\n\t\t\t\t<div class=\"elementor-element elementor-element-6b6d6f9 e-flex e-con-boxed e-con e-parent\" data-id=\"6b6d6f9\" data-element_type=\"container\" data-settings=\"{&quot;background_background&quot;:&quot;classic&quot;}\">\n\t\t\t\t\t<div class=\"e-con-inner\">\n\t\t<div class=\"elementor-element elementor-element-571dea6 e-con-full e-flex e-con e-child\" data-id=\"571dea6\" data-element_type=\"container\">\n\t\t\t\t<div class=\"elementor-element elementor-element-fca19ae elementor-widget__width-initial elementor-widget elementor-widget-image\" data-id=\"fca19ae\" data-element_type=\"widget\" data-widget_type=\"image.default\">\n\t\t\t\t<div class=\"elementor-widget-container\">\n\t\t\t\t\t\t\t\t\t\t\t\t\t\t\t<img fetchpriority=\"high\" decoding=\"async\" width=\"800\" height=\"513\" src=\"https:\/\/amasol.com\/wp-content\/uploads\/2025\/06\/Careers_Banner_colour_2560x1640-1-1024x656.png\" class=\"attachment-large size-large wp-image-24825\" alt=\"amasol Miniaturwelt mit Globen, um unsere globale Denkweise und verschiedene Szenarien zu zeigen, die sich abspielen und uns, uns, machen\" srcset=\"\" sizes=\"(max-width: 800px) 100vw, 800px\" data-srcset=\"\" \/>\t\t\t\t\t\t\t\t\t\t\t\t\t\t\t<\/div>\n\t\t\t\t<\/div>\n\t\t\t\t<\/div>\n\t\t<div class=\"elementor-element elementor-element-db659dd e-con-full e-flex e-con e-child\" data-id=\"db659dd\" data-element_type=\"container\">\n\t\t\t\t<div class=\"elementor-element elementor-element-d6eafda elementor-widget elementor-widget-heading\" data-id=\"d6eafda\" data-element_type=\"widget\" data-widget_type=\"heading.default\">\n\t\t\t\t<div class=\"elementor-widget-container\">\n\t\t\t\t\t<h1 class=\"elementor-heading-title elementor-size-default\">Sicherheitsstandards bei amasol<\/h1>\t\t\t\t<\/div>\n\t\t\t\t<\/div>\n\t\t\t\t<div class=\"elementor-element elementor-element-e042126 elementor-widget elementor-widget-text-editor\" data-id=\"e042126\" data-element_type=\"widget\" data-widget_type=\"text-editor.default\">\n\t\t\t\t<div class=\"elementor-widget-container\">\n\t\t\t\t\t\t\t\t\t<p><span data-teams=\"true\">Informationssicherheit und Datenschutz sind f\u00fcr uns mehr als eine Pflicht - sie sind die Grundlage f\u00fcr das Vertrauen in unsere Arbeit. Deshalb setzen wir auf klare Strukturen, transparente Prozesse und etablierte Sicherheitsprinzipien.<\/span><\/p>\t\t\t\t\t\t\t\t<\/div>\n\t\t\t\t<\/div>\n\t\t\t\t<\/div>\n\t\t\t\t\t<\/div>\n\t\t\t\t<\/div>\n\t\t<div class=\"elementor-element elementor-element-2bc3590 e-flex e-con-boxed e-con e-parent\" data-id=\"2bc3590\" data-element_type=\"container\">\n\t\t\t\t\t<div class=\"e-con-inner\">\n\t\t<div class=\"elementor-element elementor-element-7eb1d27 e-con-full e-flex e-con e-child\" data-id=\"7eb1d27\" data-element_type=\"container\">\n\t\t\t\t<div class=\"elementor-element elementor-element-5b71d667 elementor-widget__width-initial elementor-widget elementor-widget-image\" data-id=\"5b71d667\" data-element_type=\"widget\" data-widget_type=\"image.default\">\n\t\t\t\t<div class=\"elementor-widget-container\">\n\t\t\t\t\t\t\t\t\t\t\t\t\t\t\t<img decoding=\"async\" width=\"800\" height=\"445\" src=\"https:\/\/amasol.com\/wp-content\/uploads\/2025\/04\/TISAX_Result_black-1024x570.png\" class=\"attachment-large size-large wp-image-19460\" alt=\"TISAX-Logo\" srcset=\"https:\/\/amasol.com\/wp-content\/uploads\/2025\/04\/TISAX_Result_black-1024x570.png 1024w, https:\/\/amasol.com\/wp-content\/uploads\/2025\/04\/TISAX_Result_black-300x167.png 300w, https:\/\/amasol.com\/wp-content\/uploads\/2025\/04\/TISAX_Result_black-768x428.png 768w, https:\/\/amasol.com\/wp-content\/uploads\/2025\/04\/TISAX_Result_black-18x10.png 18w, https:\/\/amasol.com\/wp-content\/uploads\/2025\/04\/TISAX_Result_black.png 1200w\" sizes=\"(max-width: 800px) 100vw, 800px\" \/>\t\t\t\t\t\t\t\t\t\t\t\t\t\t\t<\/div>\n\t\t\t\t<\/div>\n\t\t\t\t<div class=\"elementor-element elementor-element-cb89533 elementor-widget elementor-widget-text-editor\" data-id=\"cb89533\" data-element_type=\"widget\" data-widget_type=\"text-editor.default\">\n\t\t\t\t<div class=\"elementor-widget-container\">\n\t\t\t\t\t\t\t\t\t<p>amasol nimmt am Trusted Information Security Assessment Exchange (TISAX) teil.<\/p><p>Die ENX Association unterst\u00fctzt im Auftrag des VDA (<a id=\"menureon\" class=\"fui-Link ___1q1shib f2hkw1w f3rmtva f1ewtqcl fyind8e f1k6fduh f1w7gpdv fk6fouc fjoy568 figsok6 f1s184ao f1mk8lai fnbmjn9 f1o700av f13mvf36 f1cmlufx f9n3di6 f1ids18y f1tx3yz7 f1deo86v f1eh06m1 f1iescvh fhgqx19 f1olyrje f1p93eir f1nev41a f1h8hb77 f1lqvz6u f10aw75t fsle3fq f17ae5zn\" title=\"https:\/\/www.vda.de\/de\" href=\"https:\/\/www.vda.de\/de\" target=\"_blank\" rel=\"noreferrer noopener\" aria-label=\"Link https:\/\/www.vda.de\/de\">https:\/\/www.vda.de\/de<\/a>) mit TISAX (Trusted Information Security Assessment Exchange) die gemeinsame Anerkennung von Informationssicherheitsbewertungen in der Automobilindustrie.<br \/>Die TISAX-Bewertungen werden von akkreditierten Auditdienstleistern durchgef\u00fchrt, die ihre Qualifikation in regelm\u00e4\u00dfigen Abst\u00e4nden nachweisen.<\/p><p>F\u00fcr die amasol GmbH haben Vertraulichkeit, Verf\u00fcgbarkeit und Integrit\u00e4t von Informationen einen hohen Stellenwert. Wir haben umfangreiche Ma\u00dfnahmen zum Schutz sensibler und\/oder vertraulicher Informationen getroffen. Daher befolgen wir den Fragebogen zur Informationssicherheit des Verbands der Automobilindustrie (VDA ISA).<br \/>Die Bewertung wurde von einem Auditdienstleister, in diesem Fall dem TISAX-Auditdienstleister T\u00dcV S\u00fcd, durchgef\u00fchrt.<\/p><p>Das Ergebnis ist ausschlie\u00dflich \u00fcber das ENX-Portal abrufbar:<br \/><a id=\"menureop\" class=\"fui-Link ___1q1shib f2hkw1w f3rmtva f1ewtqcl fyind8e f1k6fduh f1w7gpdv fk6fouc fjoy568 figsok6 f1s184ao f1mk8lai fnbmjn9 f1o700av f13mvf36 f1cmlufx f9n3di6 f1ids18y f1tx3yz7 f1deo86v f1eh06m1 f1iescvh fhgqx19 f1olyrje f1p93eir f1nev41a f1h8hb77 f1lqvz6u f10aw75t fsle3fq f17ae5zn\" title=\"https:\/\/portal.enx.com\/en-us\/tisax\/tisaxassessmentresults\" href=\"https:\/\/portal.enx.com\/en-US\/TISAX\/tisaxassessmentresults\" target=\"_blank\" rel=\"noreferrer noopener\" aria-label=\"Link https:\/\/portal.enx.com\/en-US\/TISAX\/tisaxassessmentresults\">https:\/\/portal.enx.com\/en-US\/TISAX\/tisaxassessmentresults<\/a><\/p><p><span class=\"color-black\"><strong>Participant ID amasol GmbH: PT54NV<\/strong><\/span><\/p><p><span class=\"color-black\">Scope ID amasol GmbH: S647VV<\/span><br \/><span class=\"color-black\">Assessment ID amasol GmbH: A5T74G-1<\/span><\/p><p><span class=\"color-black\">Scope ID amasol Private Limited: SPRP96<\/span><br \/><span class=\"color-black\">Assessment ID amasol Private Limited: A5ZKLZ-1<\/span><\/p><p><span class=\"color-black\">TISAX and TISAX results are not intended for general public.<\/span><br \/><span class=\"color-black\">TISAX is a registered trademark and governed by the ENX Association<\/span>\u00a0(<a href=\"https:\/\/www.enx.com\/en-US\/TISAX\/\" target=\"_blank\" rel=\"noopener noreferrer\">www.enx.com\/tisax<\/a>)<\/p><p>Unsere internen Ma\u00dfnahmen im Bereich Informationssicherheit und Datenschutz orientieren sich an geltenden gesetzlichen Vorgaben \u2013 wie der DSGVO \u2013 sowie an anerkannten Standards wie ISO\u202f27001.<\/p><p>Auf Anfrage stellen wir gerne erg\u00e4nzende Informationen, Sicherheitsnachweise oder vertragliche Unterlagen zur Verf\u00fcgung.<\/p><p><i><span class=\"color-black\">Seite aktualisiert: 11.11.2025\u00a0<\/span><\/i><\/p>\t\t\t\t\t\t\t\t<\/div>\n\t\t\t\t<\/div>\n\t\t\t\t<\/div>\n\t\t\t\t<div class=\"elementor-element elementor-element-cf5229a elementor-widget elementor-widget-heading\" data-id=\"cf5229a\" data-element_type=\"widget\" data-widget_type=\"heading.default\">\n\t\t\t\t<div class=\"elementor-widget-container\">\n\t\t\t\t\t<h2 class=\"elementor-heading-title elementor-size-default\">Tisax\u00ae <\/h2>\t\t\t\t<\/div>\n\t\t\t\t<\/div>\n\t\t\t\t\t<\/div>\n\t\t\t\t<\/div>\n\t\t\t\t<\/div>","protected":false},"excerpt":{"rendered":"<p>Informationssicherheit und Datenschutz sind f\u00fcr uns mehr als eine Pflicht - sie sind die Grundlage f\u00fcr das Vertrauen in unsere Arbeit. Deshalb setzen wir auf klare Strukturen, transparente Prozesse und etablierte Sicherheitsprinzipien.<\/p>","protected":false},"author":259155766,"featured_media":24825,"parent":0,"menu_order":0,"comment_status":"closed","ping_status":"closed","template":"","meta":{"footnotes":""},"class_list":["post-19459","page","type-page","status-publish","has-post-thumbnail","hentry"],"_links":{"self":[{"href":"https:\/\/amasol.com\/de\/wp-json\/wp\/v2\/pages\/19459","targetHints":{"allow":["GET"]}}],"collection":[{"href":"https:\/\/amasol.com\/de\/wp-json\/wp\/v2\/pages"}],"about":[{"href":"https:\/\/amasol.com\/de\/wp-json\/wp\/v2\/types\/page"}],"author":[{"embeddable":true,"href":"https:\/\/amasol.com\/de\/wp-json\/wp\/v2\/users\/259155766"}],"replies":[{"embeddable":true,"href":"https:\/\/amasol.com\/de\/wp-json\/wp\/v2\/comments?post=19459"}],"version-history":[{"count":0,"href":"https:\/\/amasol.com\/de\/wp-json\/wp\/v2\/pages\/19459\/revisions"}],"wp:featuredmedia":[{"embeddable":true,"href":"https:\/\/amasol.com\/de\/wp-json\/wp\/v2\/media\/24825"}],"wp:attachment":[{"href":"https:\/\/amasol.com\/de\/wp-json\/wp\/v2\/media?parent=19459"}],"curies":[{"name":"wp","href":"https:\/\/api.w.org\/{rel}","templated":true}]}}