{"id":26312,"date":"2025-07-01T18:11:17","date_gmt":"2025-07-01T16:11:17","guid":{"rendered":"https:\/\/amasol.com\/?page_id=26312"},"modified":"2025-11-12T11:23:39","modified_gmt":"2025-11-12T10:23:39","slug":"teilnahmebedingungen-workbenches","status":"publish","type":"page","link":"https:\/\/amasol.com\/de\/amasol-live\/workbenches-terms-and-conditions\/","title":{"rendered":"Teilnahmebedingungen - Workbenches"},"content":{"rendered":"\t\t<div data-elementor-type=\"wp-page\" data-elementor-id=\"26312\" class=\"elementor elementor-26312\" data-elementor-post-type=\"page\">\n\t\t\t\t<div class=\"elementor-element elementor-element-b6005bb e-flex e-con-boxed e-con e-parent\" data-id=\"b6005bb\" data-element_type=\"container\" data-settings=\"{&quot;background_background&quot;:&quot;classic&quot;}\">\n\t\t\t\t\t<div class=\"e-con-inner\">\n\t\t<div class=\"elementor-element elementor-element-b1568fd e-con-full e-flex e-con e-child\" data-id=\"b1568fd\" data-element_type=\"container\">\n\t\t\t\t<div class=\"elementor-element elementor-element-e10cb79 elementor-widget__width-initial elementor-widget elementor-widget-image\" data-id=\"e10cb79\" data-element_type=\"widget\" data-widget_type=\"image.default\">\n\t\t\t\t<div class=\"elementor-widget-container\">\n\t\t\t\t\t\t\t\t\t\t\t\t\t\t\t<img fetchpriority=\"high\" decoding=\"async\" width=\"800\" height=\"513\" src=\"https:\/\/amasol.com\/wp-content\/uploads\/2025\/06\/Events_Banner_colour_2560x1640-1024x656.png\" class=\"attachment-large size-large wp-image-24828\" alt=\"amasol miniature world with a multifunctional tool and a black board saying events\" srcset=\"https:\/\/amasol.com\/wp-content\/uploads\/2025\/06\/Events_Banner_colour_2560x1640-1024x656.png 1024w, https:\/\/amasol.com\/wp-content\/uploads\/2025\/06\/Events_Banner_colour_2560x1640-300x192.png 300w, https:\/\/amasol.com\/wp-content\/uploads\/2025\/06\/Events_Banner_colour_2560x1640-768x492.png 768w, https:\/\/amasol.com\/wp-content\/uploads\/2025\/06\/Events_Banner_colour_2560x1640-1536x984.png 1536w, https:\/\/amasol.com\/wp-content\/uploads\/2025\/06\/Events_Banner_colour_2560x1640-2048x1312.png 2048w, https:\/\/amasol.com\/wp-content\/uploads\/2025\/06\/Events_Banner_colour_2560x1640-18x12.png 18w\" sizes=\"(max-width: 800px) 100vw, 800px\" \/>\t\t\t\t\t\t\t\t\t\t\t\t\t\t\t<\/div>\n\t\t\t\t<\/div>\n\t\t\t\t<\/div>\n\t\t<div class=\"elementor-element elementor-element-43970c4 e-con-full e-flex e-con e-child\" data-id=\"43970c4\" data-element_type=\"container\">\n\t\t\t\t<div class=\"elementor-element elementor-element-04e0eac custom_h2_tag_43 elementor-widget elementor-widget-heading\" data-id=\"04e0eac\" data-element_type=\"widget\" data-widget_type=\"heading.default\">\n\t\t\t\t<div class=\"elementor-widget-container\">\n\t\t\t\t\t<h1 class=\"elementor-heading-title elementor-size-default\">Terms and conditions of participation<\/h1>\t\t\t\t<\/div>\n\t\t\t\t<\/div>\n\t\t\t\t<div class=\"elementor-element elementor-element-8eb7277 elementor-widget-widescreen__width-initial elementor-widget elementor-widget-text-editor\" data-id=\"8eb7277\" data-element_type=\"widget\" data-widget_type=\"text-editor.default\">\n\t\t\t\t<div class=\"elementor-widget-container\">\n\t\t\t\t\t\t\t\t\t<p>As part of the <strong data-start=\"158\" data-end=\"178\">Workbench Series<\/strong>, we regularly offer digital workshops on current topics and products from amasol and our partners. To provide you with the greatest possible transparency, the following sections explain which data we collect during your registration for an event and how we handle it. In addition, we refer to our <a href=\"https:\/\/amasol.com\/privacy-policy\/\">Privacy Policy<\/a>.<\/p>\t\t\t\t\t\t\t\t<\/div>\n\t\t\t\t<\/div>\n\t\t\t\t<\/div>\n\t\t\t\t\t<\/div>\n\t\t\t\t<\/div>\n\t\t<div class=\"elementor-element elementor-element-7e9b8be e-flex e-con-boxed e-con e-parent\" data-id=\"7e9b8be\" data-element_type=\"container\" data-settings=\"{&quot;background_background&quot;:&quot;classic&quot;}\">\n\t\t\t\t\t<div class=\"e-con-inner\">\n\t\t<div class=\"elementor-element elementor-element-46802ad e-con-full e-flex e-con e-child\" data-id=\"46802ad\" data-element_type=\"container\">\n\t\t<div class=\"elementor-element elementor-element-beb206a e-con-full e-flex e-con e-child\" data-id=\"beb206a\" data-element_type=\"container\">\n\t\t<div class=\"elementor-element elementor-element-aa2e6ee e-con-full e-flex e-con e-child\" data-id=\"aa2e6ee\" data-element_type=\"container\" id=\"responsible-body\">\n\t\t\t\t<div class=\"elementor-element elementor-element-5a05de6 custom_h2_tag elementor-widget elementor-widget-heading\" data-id=\"5a05de6\" data-element_type=\"widget\" data-widget_type=\"heading.default\">\n\t\t\t\t<div class=\"elementor-widget-container\">\n\t\t\t\t\t<h2 class=\"elementor-heading-title elementor-size-default\">1. Who is responsible for data processing?<\/h2>\t\t\t\t<\/div>\n\t\t\t\t<\/div>\n\t\t\t\t<div class=\"elementor-element elementor-element-032137d elementor-widget elementor-widget-text-editor\" data-id=\"032137d\" data-element_type=\"widget\" data-widget_type=\"text-editor.default\">\n\t\t\t\t<div class=\"elementor-widget-container\">\n\t\t\t\t\t\t\t\t\t<p><span class=\"color-black\">The entity responsible for data processing on this website is:<\/span><\/p><p><span class=\"color-black\">amasol GmbH<\/span><br \/><span class=\"color-black\">Campus Neue Balan<\/span><br \/><span class=\"color-black\">Claudius-Keller-Stra\u00dfe 3 B<\/span><br \/><span class=\"color-black\">81669 Munich<\/span><\/p><p><strong><span class=\"color-black\"><u>Represented by<\/u><\/span><\/strong><\/p><p><span class=\"color-black\">Frank Jahn<\/span><\/p><p><strong><span class=\"color-black\"><u>Commercial Register and VAT Information<\/u><\/span><\/strong><\/p><p><span class=\"color-black\">Munich District Court HRB 282168<\/span><br \/><span class=\"color-black\">Company headquarters: Munich<\/span><br \/><span class=\"color-black\">VAT ID No.: DE204774530<\/span><\/p><p><span class=\"color-black\">Phone: +49 89 1894743-0<\/span><br \/><span class=\"color-black\">Email: <\/span><a href=\"mailto:datenschutz@amasol.de\"><span class=\"color-red\"><span style=\"color: #db2f16;\">datenschutz(at)amasol.de<\/span><\/span><\/a><\/p><p><span class=\"color-black\">The responsible party is the natural or legal person who, alone or jointly with others, determines the purposes and means of processing personal data (e.g., names, email addresses, etc.).<\/span><\/p>\t\t\t\t\t\t\t\t<\/div>\n\t\t\t\t<\/div>\n\t\t\t\t<\/div>\n\t\t<div class=\"elementor-element elementor-element-34647e3 e-con-full e-flex e-con e-child\" data-id=\"34647e3\" data-element_type=\"container\">\n\t\t\t\t<div class=\"elementor-element elementor-element-7205d73 custom_h2_tag elementor-widget elementor-widget-heading\" data-id=\"7205d73\" data-element_type=\"widget\" data-widget_type=\"heading.default\">\n\t\t\t\t<div class=\"elementor-widget-container\">\n\t\t\t\t\t<h2 class=\"elementor-heading-title elementor-size-default\">2. What data is processed and how long is it stored?<\/h2>\t\t\t\t<\/div>\n\t\t\t\t<\/div>\n\t\t\t\t<div class=\"elementor-element elementor-element-0a3e101 elementor-widget elementor-widget-text-editor\" data-id=\"0a3e101\" data-element_type=\"widget\" data-widget_type=\"text-editor.default\">\n\t\t\t\t<div class=\"elementor-widget-container\">\n\t\t\t\t\t\t\t\t\t<div class=\" col-sm-6 \"><div id=\"c6197\" class=\"frame frame-default frame-type-text frame-layout-0\"><p data-start=\"1441\" data-end=\"1813\">To participate in a Workbench event, the following data is required: salutation, first name, last name, company, and email address. This information is collected during registration at <a href=\"https:\/\/amasol.com\/amasol-live\/\">https:\/\/amasol.com\/amasol-live\/<\/a> and stored by us for the purpose of managing the event and handling follow-up inquiries.\u00a0<\/p><p data-start=\"1815\" data-end=\"1909\">After the event, you may revoke your consent to data storage at any time by contacting amasol.<\/p><p data-start=\"1911\" data-end=\"1996\">Your participation in the event requires your consent to the processing of this data.<\/p><\/div><\/div>\t\t\t\t\t\t\t\t<\/div>\n\t\t\t\t<\/div>\n\t\t\t\t<\/div>\n\t\t<div class=\"elementor-element elementor-element-c6f5110 e-con-full e-flex e-con e-child\" data-id=\"c6f5110\" data-element_type=\"container\">\n\t\t\t\t<div class=\"elementor-element elementor-element-a3a0617 custom_h2_tag elementor-widget elementor-widget-heading\" data-id=\"a3a0617\" data-element_type=\"widget\" data-widget_type=\"heading.default\">\n\t\t\t\t<div class=\"elementor-widget-container\">\n\t\t\t\t\t<h2 class=\"elementor-heading-title elementor-size-default\">3. Information about further events &amp; product news<\/h2>\t\t\t\t<\/div>\n\t\t\t\t<\/div>\n\t\t\t\t<div class=\"elementor-element elementor-element-614ef45 elementor-widget elementor-widget-text-editor\" data-id=\"614ef45\" data-element_type=\"widget\" data-widget_type=\"text-editor.default\">\n\t\t\t\t<div class=\"elementor-widget-container\">\n\t\t\t\t\t\t\t\t\t<p data-start=\"2060\" data-end=\"2325\">We would like to keep you informed about future workshops and product updates even after the event. To do this, we ask for your consent during registration via <a href=\"https:\/\/amasol.com\/amasol-live\/\">https:\/\/amasol.com\/amasol-live\/<\/a>.<\/p><p data-start=\"2327\" data-end=\"2420\">You may withdraw your consent at any time via the unsubscribe link at the end of every email.<\/p><p><span class=\"color-black\">You also have the option to contact us directly at: <\/span><a href=\"mailto:marketing@amasol.com\">marketing@amasol.com<\/a>.<\/p>\t\t\t\t\t\t\t\t<\/div>\n\t\t\t\t<\/div>\n\t\t\t\t<\/div>\n\t\t<div class=\"elementor-element elementor-element-7c7fab7 e-con-full e-flex e-con e-child\" data-id=\"7c7fab7\" data-element_type=\"container\">\n\t\t\t\t<div class=\"elementor-element elementor-element-666da61 custom_h2_tag elementor-widget elementor-widget-heading\" data-id=\"666da61\" data-element_type=\"widget\" data-widget_type=\"heading.default\">\n\t\t\t\t<div class=\"elementor-widget-container\">\n\t\t\t\t\t<h2 class=\"elementor-heading-title elementor-size-default\">4. Data sharing with sponsors<\/h2>\t\t\t\t<\/div>\n\t\t\t\t<\/div>\n\t\t\t\t<div class=\"elementor-element elementor-element-0f18002 elementor-widget elementor-widget-text-editor\" data-id=\"0f18002\" data-element_type=\"widget\" data-widget_type=\"text-editor.default\">\n\t\t\t\t<div class=\"elementor-widget-container\">\n\t\t\t\t\t\t\t\t\t<p data-start=\"2469\" data-end=\"2783\">The digital amasol Workbench series is supported in part by contributions from various sponsors. To help you stay in touch with relevant experts after the event, we share the following data with our sponsors: salutation, first name, last name, company, email address, and the specific Workbench event you attended.<\/p><p data-start=\"2785\" data-end=\"3018\">We request your separate consent for this data sharing; without this consent, participation is not possible. After the event, you can revoke your consent for contact at any time directly with the respective partners\/sponsors.<\/p>\t\t\t\t\t\t\t\t<\/div>\n\t\t\t\t<\/div>\n\t\t\t\t<\/div>\n\t\t<div class=\"elementor-element elementor-element-0a63d0e e-con-full e-flex e-con e-child\" data-id=\"0a63d0e\" data-element_type=\"container\">\n\t\t\t\t<div class=\"elementor-element elementor-element-25185de custom_h2_tag elementor-widget elementor-widget-heading\" data-id=\"25185de\" data-element_type=\"widget\" data-widget_type=\"heading.default\">\n\t\t\t\t<div class=\"elementor-widget-container\">\n\t\t\t\t\t<h2 class=\"elementor-heading-title elementor-size-default\">5. Subcontractors and sub-processors<\/h2>\t\t\t\t<\/div>\n\t\t\t\t<\/div>\n\t\t\t\t<div class=\"elementor-element elementor-element-efd8e58 elementor-widget elementor-widget-text-editor\" data-id=\"efd8e58\" data-element_type=\"widget\" data-widget_type=\"text-editor.default\">\n\t\t\t\t<div class=\"elementor-widget-container\">\n\t\t\t\t\t\t\t\t\t<p data-start=\"3068\" data-end=\"3283\">We have engaged service providers and sub-processors to help conduct the Workbench Series. Where necessary, data processing agreements and\/or EU Standard Contractual Clauses have been concluded with these providers.<\/p><p data-start=\"3285\" data-end=\"3380\">Careful selection of service providers is a standard part of our information security strategy.<\/p><p data-start=\"3382\" data-end=\"3443\">The Workbench webinars are conducted using Zoom Webinars.<\/p><p data-start=\"3445\" data-end=\"3530\">Provider:<br data-start=\"3458\" data-end=\"3461\" \/>Connect4Video GmbH<br data-start=\"3479\" data-end=\"3482\" \/>Nibelungenstra\u00dfe 28<br data-start=\"3501\" data-end=\"3504\" \/>65428 R\u00fcsselsheim, Germany<\/p>\t\t\t\t\t\t\t\t<\/div>\n\t\t\t\t<\/div>\n\t\t\t\t<\/div>\n\t\t\t\t<\/div>\n\t\t\t\t<\/div>\n\t\t<div class=\"elementor-element elementor-element-c6a77eb e-con-full animated-slow table-content-custom elementor-hidden-widescreen elementor-hidden-desktop elementor-hidden-laptop elementor-hidden-tablet_extra elementor-hidden-tablet e-flex elementor-invisible e-con e-child\" data-id=\"c6a77eb\" data-element_type=\"container\" data-settings=\"{&quot;animation&quot;:&quot;slideInUp&quot;,&quot;background_background&quot;:&quot;classic&quot;}\">\n\t\t\t\t<div class=\"elementor-element elementor-element-72e3133 elementor-widget__width-initial elementor-widget-mobile__width-inherit elementor-widget elementor-widget-table-of-contents\" data-id=\"72e3133\" data-element_type=\"widget\" data-settings=\"{&quot;headings_by_tags&quot;:[&quot;h2&quot;],&quot;exclude_headings_by_selector&quot;:[],&quot;marker_view&quot;:&quot;bullets&quot;,&quot;icon&quot;:{&quot;value&quot;:&quot;&quot;,&quot;library&quot;:&quot;&quot;},&quot;min_height&quot;:{&quot;unit&quot;:&quot;px&quot;,&quot;size&quot;:&quot;&quot;,&quot;sizes&quot;:[]},&quot;min_height_widescreen&quot;:{&quot;unit&quot;:&quot;px&quot;,&quot;size&quot;:&quot;&quot;,&quot;sizes&quot;:[]},&quot;min_height_laptop&quot;:{&quot;unit&quot;:&quot;px&quot;,&quot;size&quot;:&quot;&quot;,&quot;sizes&quot;:[]},&quot;min_height_tablet_extra&quot;:{&quot;unit&quot;:&quot;px&quot;,&quot;size&quot;:&quot;&quot;,&quot;sizes&quot;:[]},&quot;min_height_tablet&quot;:{&quot;unit&quot;:&quot;px&quot;,&quot;size&quot;:&quot;&quot;,&quot;sizes&quot;:[]},&quot;min_height_mobile&quot;:{&quot;unit&quot;:&quot;px&quot;,&quot;size&quot;:&quot;&quot;,&quot;sizes&quot;:[]}}\" data-widget_type=\"table-of-contents.default\">\n\t\t\t\t<div class=\"elementor-widget-container\">\n\t\t\t\t\t\t\t\t\t<div class=\"elementor-toc__header\">\n\t\t\t\t\t\t<h4 class=\"elementor-toc__header-title\">\n\t\t\t\tTable of Contents\t\t\t<\/h4>\n\t\t\t\t\t\t\t\t<\/div>\n\t\t\t\t<div id=\"elementor-toc__72e3133\" class=\"elementor-toc__body\">\n\t\t\t<div class=\"elementor-toc__spinner-container\">\n\t\t\t\t<svg class=\"elementor-toc__spinner eicon-animation-spin e-font-icon-svg e-eicon-loading\" aria-hidden=\"true\" viewBox=\"0 0 1000 1000\" xmlns=\"http:\/\/www.w3.org\/2000\/svg\"><path d=\"M500 975V858C696 858 858 696 858 500S696 142 500 142 142 304 142 500H25C25 237 238 25 500 25S975 237 975 500 763 975 500 975Z\"><\/path><\/svg>\t\t\t<\/div>\n\t\t<\/div>\n\t\t\t\t\t\t<\/div>\n\t\t\t\t<\/div>\n\t\t\t\t<\/div>\n\t\t<div class=\"elementor-element elementor-element-ba06766 e-con-full elementor-hidden-mobile e-flex e-con e-child\" data-id=\"ba06766\" data-element_type=\"container\" data-settings=\"{&quot;background_background&quot;:&quot;classic&quot;}\">\n\t\t<div class=\"elementor-element elementor-element-7ddc4e7 e-con-full e-flex e-con e-child\" data-id=\"7ddc4e7\" data-element_type=\"container\" data-settings=\"{&quot;background_background&quot;:&quot;classic&quot;,&quot;sticky&quot;:&quot;top&quot;,&quot;sticky_offset&quot;:100,&quot;sticky_effects_offset&quot;:100,&quot;sticky_parent&quot;:&quot;yes&quot;,&quot;sticky_on&quot;:[&quot;widescreen&quot;,&quot;desktop&quot;,&quot;laptop&quot;,&quot;tablet_extra&quot;,&quot;tablet&quot;],&quot;sticky_anchor_link_offset&quot;:0}\">\n\t\t\t\t<div class=\"elementor-element elementor-element-9854242 elementor-widget__width-initial elementor-widget-tablet__width-inherit elementor-widget elementor-widget-table-of-contents\" data-id=\"9854242\" data-element_type=\"widget\" data-settings=\"{&quot;headings_by_tags&quot;:[&quot;h2&quot;],&quot;exclude_headings_by_selector&quot;:[],&quot;marker_view&quot;:&quot;bullets&quot;,&quot;icon&quot;:{&quot;value&quot;:&quot;&quot;,&quot;library&quot;:&quot;&quot;},&quot;min_height&quot;:{&quot;unit&quot;:&quot;px&quot;,&quot;size&quot;:&quot;&quot;,&quot;sizes&quot;:[]},&quot;min_height_widescreen&quot;:{&quot;unit&quot;:&quot;px&quot;,&quot;size&quot;:&quot;&quot;,&quot;sizes&quot;:[]},&quot;min_height_laptop&quot;:{&quot;unit&quot;:&quot;px&quot;,&quot;size&quot;:&quot;&quot;,&quot;sizes&quot;:[]},&quot;min_height_tablet_extra&quot;:{&quot;unit&quot;:&quot;px&quot;,&quot;size&quot;:&quot;&quot;,&quot;sizes&quot;:[]},&quot;min_height_tablet&quot;:{&quot;unit&quot;:&quot;px&quot;,&quot;size&quot;:&quot;&quot;,&quot;sizes&quot;:[]},&quot;min_height_mobile&quot;:{&quot;unit&quot;:&quot;px&quot;,&quot;size&quot;:&quot;&quot;,&quot;sizes&quot;:[]}}\" data-widget_type=\"table-of-contents.default\">\n\t\t\t\t<div class=\"elementor-widget-container\">\n\t\t\t\t\t\t\t\t\t<div class=\"elementor-toc__header\">\n\t\t\t\t\t\t<h4 class=\"elementor-toc__header-title\">\n\t\t\t\tTable of Contents\t\t\t<\/h4>\n\t\t\t\t\t\t\t\t<\/div>\n\t\t\t\t<div id=\"elementor-toc__9854242\" class=\"elementor-toc__body\">\n\t\t\t<div class=\"elementor-toc__spinner-container\">\n\t\t\t\t<svg class=\"elementor-toc__spinner eicon-animation-spin e-font-icon-svg e-eicon-loading\" aria-hidden=\"true\" viewBox=\"0 0 1000 1000\" xmlns=\"http:\/\/www.w3.org\/2000\/svg\"><path d=\"M500 975V858C696 858 858 696 858 500S696 142 500 142 142 304 142 500H25C25 237 238 25 500 25S975 237 975 500 763 975 500 975Z\"><\/path><\/svg>\t\t\t<\/div>\n\t\t<\/div>\n\t\t\t\t\t\t<\/div>\n\t\t\t\t<\/div>\n\t\t\t\t<\/div>\n\t\t\t\t<\/div>\n\t\t\t\t\t<\/div>\n\t\t\t\t<\/div>\n\t\t\t\t<\/div>\n\t\t","protected":false},"excerpt":{"rendered":"<p>Im Rahmen der Workbench Series bieten wir regelm\u00e4\u00dfig digitale Workshops zu aktuellen Themen und Produkten von amasol und unseren Partnern an. Um Ihnen gr\u00f6\u00dftm\u00f6gliche Transparenz zu bieten, erl\u00e4utern wir Ihnen im Folgenden, welche Daten wir bei Ihrer Anmeldung zu einer Veranstaltung erheben und wie wir damit umgehen.<\/p>","protected":false},"author":259155764,"featured_media":24828,"parent":11382,"menu_order":0,"comment_status":"closed","ping_status":"closed","template":"elementor_header_footer","meta":{"footnotes":""},"class_list":["post-26312","page","type-page","status-publish","has-post-thumbnail","hentry"],"_links":{"self":[{"href":"https:\/\/amasol.com\/de\/wp-json\/wp\/v2\/pages\/26312","targetHints":{"allow":["GET"]}}],"collection":[{"href":"https:\/\/amasol.com\/de\/wp-json\/wp\/v2\/pages"}],"about":[{"href":"https:\/\/amasol.com\/de\/wp-json\/wp\/v2\/types\/page"}],"author":[{"embeddable":true,"href":"https:\/\/amasol.com\/de\/wp-json\/wp\/v2\/users\/259155764"}],"replies":[{"embeddable":true,"href":"https:\/\/amasol.com\/de\/wp-json\/wp\/v2\/comments?post=26312"}],"version-history":[{"count":0,"href":"https:\/\/amasol.com\/de\/wp-json\/wp\/v2\/pages\/26312\/revisions"}],"up":[{"embeddable":true,"href":"https:\/\/amasol.com\/de\/wp-json\/wp\/v2\/pages\/11382"}],"wp:featuredmedia":[{"embeddable":true,"href":"https:\/\/amasol.com\/de\/wp-json\/wp\/v2\/media\/24828"}],"wp:attachment":[{"href":"https:\/\/amasol.com\/de\/wp-json\/wp\/v2\/media?parent=26312"}],"curies":[{"name":"wp","href":"https:\/\/api.w.org\/{rel}","templated":true}]}}