{"id":26321,"date":"2025-07-01T18:37:14","date_gmt":"2025-07-01T16:37:14","guid":{"rendered":"https:\/\/amasol.com\/?page_id=26321"},"modified":"2026-04-08T13:08:05","modified_gmt":"2026-04-08T11:08:05","slug":"teilnahmebedingungen-bizopsforum","status":"publish","type":"page","link":"https:\/\/amasol.com\/de\/bof-2026\/terms-and-conditions-bizops-forum-masterclass\/","title":{"rendered":"BizOps Forum masterclass | Terms and Conditions"},"content":{"rendered":"\t\t<div data-elementor-type=\"wp-page\" data-elementor-id=\"26321\" class=\"elementor elementor-26321\" data-elementor-post-type=\"page\">\n\t\t\t\t<div class=\"elementor-element elementor-element-60a8eea usability-section scroll-section e-flex e-con-boxed e-con e-parent\" data-id=\"60a8eea\" data-element_type=\"container\" data-settings=\"{&quot;background_background&quot;:&quot;classic&quot;}\">\n\t\t\t\t\t<div class=\"e-con-inner\">\n\t\t<div class=\"elementor-element elementor-element-2836672 e-con-full e-flex e-con e-child\" data-id=\"2836672\" data-element_type=\"container\">\n\t\t<div class=\"elementor-element elementor-element-7739eea e-con-full e-flex e-con e-child\" data-id=\"7739eea\" data-element_type=\"container\">\n\t\t\t\t<div class=\"elementor-element elementor-element-e10cb79 elementor-widget__width-initial elementor-widget elementor-widget-image\" data-id=\"e10cb79\" data-element_type=\"widget\" data-widget_type=\"image.default\">\n\t\t\t\t<div class=\"elementor-widget-container\">\n\t\t\t\t\t\t\t\t\t\t\t\t\t\t\t<img fetchpriority=\"high\" decoding=\"async\" width=\"698\" height=\"359\" src=\"https:\/\/amasol.com\/wp-content\/uploads\/2026\/04\/BOF-Banner-2026_-e1775646364560.png\" class=\"attachment-large size-large wp-image-34562\" alt=\"\" srcset=\"https:\/\/amasol.com\/wp-content\/uploads\/2026\/04\/BOF-Banner-2026_-e1775646364560.png 698w, https:\/\/amasol.com\/wp-content\/uploads\/2026\/04\/BOF-Banner-2026_-e1775646364560-300x154.png 300w, https:\/\/amasol.com\/wp-content\/uploads\/2026\/04\/BOF-Banner-2026_-e1775646364560-18x9.png 18w\" sizes=\"(max-width: 698px) 100vw, 698px\" \/>\t\t\t\t\t\t\t\t\t\t\t\t\t\t\t<\/div>\n\t\t\t\t<\/div>\n\t\t\t\t<\/div>\n\t\t<div class=\"elementor-element elementor-element-5115298 e-con-full e-flex e-con e-child\" data-id=\"5115298\" data-element_type=\"container\">\n\t\t\t\t<div class=\"elementor-element elementor-element-04e0eac custom_h2_tag_43 elementor-widget elementor-widget-heading\" data-id=\"04e0eac\" data-element_type=\"widget\" data-widget_type=\"heading.default\">\n\t\t\t\t<div class=\"elementor-widget-container\">\n\t\t\t\t\t<h1 class=\"elementor-heading-title elementor-size-default\">Terms and conditions - Business Observability Forum<\/h1>\t\t\t\t<\/div>\n\t\t\t\t<\/div>\n\t\t\t\t<div class=\"elementor-element elementor-element-8eb7277 elementor-widget-widescreen__width-initial elementor-widget elementor-widget-text-editor\" data-id=\"8eb7277\" data-element_type=\"widget\" data-widget_type=\"text-editor.default\">\n\t\t\t\t<div class=\"elementor-widget-container\">\n\t\t\t\t\t\t\t\t\t<p>As part of the Forum, we offer you a conference on current topics and products from amasol and our partners. To provide you with the greatest possible transparency, we explain in the following sections which data we collect as part of your registration for an event and how we handle it. Additionally, we refer to our <a href=\"https:\/\/www.amasol.com\/privacy-policy\">amasol | Privacy Policy<\/a>.<\/p>\t\t\t\t\t\t\t\t<\/div>\n\t\t\t\t<\/div>\n\t\t\t\t<\/div>\n\t\t\t\t<\/div>\n\t\t\t\t\t<\/div>\n\t\t\t\t<\/div>\n\t\t<div class=\"elementor-element elementor-element-7e9b8be e-flex e-con-boxed e-con e-parent\" data-id=\"7e9b8be\" data-element_type=\"container\" data-settings=\"{&quot;background_background&quot;:&quot;classic&quot;}\">\n\t\t\t\t\t<div class=\"e-con-inner\">\n\t\t<div class=\"elementor-element elementor-element-efb2e51 e-con-full animated-slow table-content-custom elementor-hidden-widescreen elementor-hidden-desktop elementor-hidden-laptop elementor-hidden-tablet_extra elementor-hidden-tablet e-flex elementor-invisible e-con e-child\" data-id=\"efb2e51\" data-element_type=\"container\" data-settings=\"{&quot;animation&quot;:&quot;slideInUp&quot;,&quot;background_background&quot;:&quot;classic&quot;}\">\n\t\t\t\t<div class=\"elementor-element elementor-element-9aba2f0 elementor-widget__width-initial elementor-widget-mobile__width-inherit elementor-widget elementor-widget-table-of-contents\" data-id=\"9aba2f0\" data-element_type=\"widget\" data-settings=\"{&quot;headings_by_tags&quot;:[&quot;h2&quot;],&quot;exclude_headings_by_selector&quot;:[],&quot;marker_view&quot;:&quot;bullets&quot;,&quot;icon&quot;:{&quot;value&quot;:&quot;&quot;,&quot;library&quot;:&quot;&quot;},&quot;min_height&quot;:{&quot;unit&quot;:&quot;px&quot;,&quot;size&quot;:&quot;&quot;,&quot;sizes&quot;:[]},&quot;min_height_widescreen&quot;:{&quot;unit&quot;:&quot;px&quot;,&quot;size&quot;:&quot;&quot;,&quot;sizes&quot;:[]},&quot;min_height_laptop&quot;:{&quot;unit&quot;:&quot;px&quot;,&quot;size&quot;:&quot;&quot;,&quot;sizes&quot;:[]},&quot;min_height_tablet_extra&quot;:{&quot;unit&quot;:&quot;px&quot;,&quot;size&quot;:&quot;&quot;,&quot;sizes&quot;:[]},&quot;min_height_tablet&quot;:{&quot;unit&quot;:&quot;px&quot;,&quot;size&quot;:&quot;&quot;,&quot;sizes&quot;:[]},&quot;min_height_mobile&quot;:{&quot;unit&quot;:&quot;px&quot;,&quot;size&quot;:&quot;&quot;,&quot;sizes&quot;:[]}}\" data-widget_type=\"table-of-contents.default\">\n\t\t\t\t<div class=\"elementor-widget-container\">\n\t\t\t\t\t\t\t\t\t<div class=\"elementor-toc__header\">\n\t\t\t\t\t\t<h4 class=\"elementor-toc__header-title\">\n\t\t\t\tTable of Contents\t\t\t<\/h4>\n\t\t\t\t\t\t\t\t<\/div>\n\t\t\t\t<div id=\"elementor-toc__9aba2f0\" class=\"elementor-toc__body\">\n\t\t\t<div class=\"elementor-toc__spinner-container\">\n\t\t\t\t<svg class=\"elementor-toc__spinner eicon-animation-spin e-font-icon-svg e-eicon-loading\" aria-hidden=\"true\" viewBox=\"0 0 1000 1000\" xmlns=\"http:\/\/www.w3.org\/2000\/svg\"><path d=\"M500 975V858C696 858 858 696 858 500S696 142 500 142 142 304 142 500H25C25 237 238 25 500 25S975 237 975 500 763 975 500 975Z\"><\/path><\/svg>\t\t\t<\/div>\n\t\t<\/div>\n\t\t\t\t\t\t<\/div>\n\t\t\t\t<\/div>\n\t\t\t\t<\/div>\n\t\t<div class=\"elementor-element elementor-element-46802ad e-con-full e-flex e-con e-child\" data-id=\"46802ad\" data-element_type=\"container\">\n\t\t<div class=\"elementor-element elementor-element-beb206a e-con-full e-flex e-con e-child\" data-id=\"beb206a\" data-element_type=\"container\">\n\t\t<div class=\"elementor-element elementor-element-aa2e6ee e-con-full e-flex e-con e-child\" data-id=\"aa2e6ee\" data-element_type=\"container\" id=\"responsible-body\">\n\t\t\t\t<div class=\"elementor-element elementor-element-5a05de6 custom_h2_tag elementor-widget elementor-widget-heading\" data-id=\"5a05de6\" data-element_type=\"widget\" data-widget_type=\"heading.default\">\n\t\t\t\t<div class=\"elementor-widget-container\">\n\t\t\t\t\t<h2 class=\"elementor-heading-title elementor-size-default\">1. Who is responsible for data processing?<\/h2>\t\t\t\t<\/div>\n\t\t\t\t<\/div>\n\t\t\t\t<div class=\"elementor-element elementor-element-032137d elementor-widget elementor-widget-text-editor\" data-id=\"032137d\" data-element_type=\"widget\" data-widget_type=\"text-editor.default\">\n\t\t\t\t<div class=\"elementor-widget-container\">\n\t\t\t\t\t\t\t\t\t<p><span class=\"color-black\">The entity responsible for data processing on this website is:<\/span><\/p><p><span class=\"color-black\">amasol GmbH<\/span><br \/><span class=\"color-black\">Campus Neue Balan<\/span><br \/><span class=\"color-black\">Claudius-Keller-Stra\u00dfe 3 B<\/span><br \/><span class=\"color-black\">81669 Munich<\/span><\/p><p><strong><span class=\"color-black\"><u>Represented by<\/u><\/span><\/strong><\/p><p><span class=\"color-black\">Frank Jahn<\/span><\/p><p><strong><span class=\"color-black\"><u>Commercial Register and VAT Information<\/u><\/span><\/strong><\/p><p><span class=\"color-black\">Munich District Court HRB 282168<\/span><br \/><span class=\"color-black\">Company headquarters: Munich<\/span><br \/><span class=\"color-black\">VAT ID No.: DE204774530<\/span><\/p><p><span class=\"color-black\">Phone: +49 89 1894743-0<\/span><br \/><span class=\"color-black\">Email: <\/span><a href=\"mailto:datenschutz@amasol.de\"><span class=\"color-red\"><span style=\"color: #db2f16;\">datenschutz(at)amasol.de<\/span><\/span><\/a><\/p><p><span class=\"color-black\">The responsible party is the natural or legal person who, alone or jointly with others, determines the purposes and means of processing personal data (e.g., names, email addresses, etc.).<\/span><\/p>\t\t\t\t\t\t\t\t<\/div>\n\t\t\t\t<\/div>\n\t\t\t\t<\/div>\n\t\t<div class=\"elementor-element elementor-element-34647e3 e-con-full e-flex e-con e-child\" data-id=\"34647e3\" data-element_type=\"container\">\n\t\t\t\t<div class=\"elementor-element elementor-element-7205d73 custom_h2_tag elementor-widget elementor-widget-heading\" data-id=\"7205d73\" data-element_type=\"widget\" data-widget_type=\"heading.default\">\n\t\t\t\t<div class=\"elementor-widget-container\">\n\t\t\t\t\t<h2 class=\"elementor-heading-title elementor-size-default\">2. What data is processed and how long is it stored?<\/h2>\t\t\t\t<\/div>\n\t\t\t\t<\/div>\n\t\t\t\t<div class=\"elementor-element elementor-element-0a3e101 elementor-widget elementor-widget-text-editor\" data-id=\"0a3e101\" data-element_type=\"widget\" data-widget_type=\"text-editor.default\">\n\t\t\t\t<div class=\"elementor-widget-container\">\n\t\t\t\t\t\t\t\t\t<div class=\" col-sm-6 \"><div id=\"c6197\" class=\"frame frame-default frame-type-text frame-layout-0\"><p><span class=\"color-black\">To participate in the event, the following data is mandatory: first name, last name, company, email address. This information is collected during registration for the event via <a href=\"https:\/\/amasol.com\/bizopsforum\">https:\/\/amasol.com\/bizopsforum<\/a><\/span><span class=\"color-black\"> and stored by us for further processing of the event and for any follow-up questions. Providing your phone number is optional.<\/span><\/p><p><span class=\"color-black\">The processing of this data is based on your consent according to Article 6(1)(a) GDPR.<\/span><\/p><p><span class=\"color-black\">Your data will be stored for the duration of the event processing and for any follow-up questions. After the event, you can withdraw your consent for data storage at any time by contacting amasol.<\/span><\/p><\/div><\/div>\t\t\t\t\t\t\t\t<\/div>\n\t\t\t\t<\/div>\n\t\t\t\t<\/div>\n\t\t<div class=\"elementor-element elementor-element-c6f5110 e-con-full e-flex e-con e-child\" data-id=\"c6f5110\" data-element_type=\"container\">\n\t\t\t\t<div class=\"elementor-element elementor-element-a3a0617 custom_h2_tag elementor-widget elementor-widget-heading\" data-id=\"a3a0617\" data-element_type=\"widget\" data-widget_type=\"heading.default\">\n\t\t\t\t<div class=\"elementor-widget-container\">\n\t\t\t\t\t<h2 class=\"elementor-heading-title elementor-size-default\">3. Information about other events<\/h2>\t\t\t\t<\/div>\n\t\t\t\t<\/div>\n\t\t\t\t<div class=\"elementor-element elementor-element-614ef45 elementor-widget elementor-widget-text-editor\" data-id=\"614ef45\" data-element_type=\"widget\" data-widget_type=\"text-editor.default\">\n\t\t\t\t<div class=\"elementor-widget-container\">\n\t\t\t\t\t\t\t\t\t<p><span class=\"color-black\">We would like to inform you about future events such as workbenches and other activities even after the BizOps Forum. When you register for our celebration via <\/span><a href=\"https:\/\/amasol.com\/bizopsforum\">https:\/\/amasol.com\/bizopsforum<\/a><span class=\"color-black\">, we will ask for your consent to receive such information.<\/span><\/p><p><span class=\"color-black\">Your consent to receive the newsletter is voluntary. You can withdraw your consent at any time using the unsubscribe link at the bottom of the emails configured by the website.<\/span><\/p><p><span class=\"color-black\">You also have the option to contact us directly at: <\/span><a href=\"mailto:marketing@amasol.com\">marketing@amasol.com<\/a>.<\/p>\t\t\t\t\t\t\t\t<\/div>\n\t\t\t\t<\/div>\n\t\t\t\t<\/div>\n\t\t<div class=\"elementor-element elementor-element-7c7fab7 e-con-full e-flex e-con e-child\" data-id=\"7c7fab7\" data-element_type=\"container\">\n\t\t\t\t<div class=\"elementor-element elementor-element-666da61 custom_h2_tag elementor-widget elementor-widget-heading\" data-id=\"666da61\" data-element_type=\"widget\" data-widget_type=\"heading.default\">\n\t\t\t\t<div class=\"elementor-widget-container\">\n\t\t\t\t\t<h2 class=\"elementor-heading-title elementor-size-default\">4. Data Sharing with Sponsors of the BizOps Forum<\/h2>\t\t\t\t<\/div>\n\t\t\t\t<\/div>\n\t\t\t\t<div class=\"elementor-element elementor-element-0f18002 elementor-widget elementor-widget-text-editor\" data-id=\"0f18002\" data-element_type=\"widget\" data-widget_type=\"text-editor.default\">\n\t\t\t\t<div class=\"elementor-widget-container\">\n\t\t\t\t\t\t\t\t\t<p><span class=\"color-black\">The masterclass is also made possible by the contributions of various sponsors. To ensure you can conveniently stay in contact with the relevant professionals after the event, we share the following information with our sponsors: title, last name, first name, company, and email address.<\/span><\/p><p><span class=\"color-black\">We request your separate consent for sharing your data with the sponsors. This consent is required in order to participate in the event.<\/span><\/p><p><span class=\"color-black\">You may revoke your consent for data sharing at any time.<\/span><\/p>\t\t\t\t\t\t\t\t<\/div>\n\t\t\t\t<\/div>\n\t\t\t\t<\/div>\n\t\t<div class=\"elementor-element elementor-element-c6840ce e-con-full e-flex e-con e-child\" data-id=\"c6840ce\" data-element_type=\"container\">\n\t\t\t\t<div class=\"elementor-element elementor-element-08112aa custom_h2_tag elementor-widget elementor-widget-heading\" data-id=\"08112aa\" data-element_type=\"widget\" data-widget_type=\"heading.default\">\n\t\t\t\t<div class=\"elementor-widget-container\">\n\t\t\t\t\t<h2 class=\"elementor-heading-title elementor-size-default\">5. Audio and video recordings during the event<\/h2>\t\t\t\t<\/div>\n\t\t\t\t<\/div>\n\t\t\t\t<div class=\"elementor-element elementor-element-40a9e31 elementor-widget elementor-widget-text-editor\" data-id=\"40a9e31\" data-element_type=\"widget\" data-widget_type=\"text-editor.default\">\n\t\t\t\t<div class=\"elementor-widget-container\">\n\t\t\t\t\t\t\t\t\t<p><span class=\"color-black\">The masterclass will be conducted as an in-person event. During the event, audio and video recordings will be made (photos, videos, audio recordings). Please note that we will use these recordings for reporting on the masterclass and for our corporate communications.<\/span><\/p><p><span class=\"color-black\">By registering, you consent to the recording and the subsequent use of the audio and video footage. If you do not wish to be recorded, please inform us in advance or during the event so that we can make appropriate arrangements.<\/span><\/p>\t\t\t\t\t\t\t\t<\/div>\n\t\t\t\t<\/div>\n\t\t\t\t<\/div>\n\t\t<div class=\"elementor-element elementor-element-9173d53 e-con-full e-flex e-con e-child\" data-id=\"9173d53\" data-element_type=\"container\">\n\t\t\t\t<div class=\"elementor-element elementor-element-ee940be custom_h2_tag elementor-widget elementor-widget-heading\" data-id=\"ee940be\" data-element_type=\"widget\" data-widget_type=\"heading.default\">\n\t\t\t\t<div class=\"elementor-widget-container\">\n\t\t\t\t\t<h2 class=\"elementor-heading-title elementor-size-default\">6. Online collaboration during the event<\/h2>\t\t\t\t<\/div>\n\t\t\t\t<\/div>\n\t\t\t\t<div class=\"elementor-element elementor-element-b348e59 elementor-widget elementor-widget-text-editor\" data-id=\"b348e59\" data-element_type=\"widget\" data-widget_type=\"text-editor.default\">\n\t\t\t\t<div class=\"elementor-widget-container\">\n\t\t\t\t\t\t\t\t\t<p><span class=\"color-black\">For collaborative creation of mind maps, presentations, summaries, and reports, we will use the Miro digital whiteboard. Participation in the digital whiteboards is voluntary.<\/span><br \/><span class=\"color-black\">You can find Miro&#8217;s privacy policy here: <\/span><a href=\"https:\/\/miro.com\/legal\/privacy-policy\/\" target=\"_new\" rel=\"noreferrer noopener\">https:\/\/miro.com\/legal\/privacy-policy\/.<\/a><\/p>\t\t\t\t\t\t\t\t<\/div>\n\t\t\t\t<\/div>\n\t\t\t\t<\/div>\n\t\t<div class=\"elementor-element elementor-element-0a63d0e e-con-full e-flex e-con e-child\" data-id=\"0a63d0e\" data-element_type=\"container\">\n\t\t\t\t<div class=\"elementor-element elementor-element-25185de custom_h2_tag elementor-widget elementor-widget-heading\" data-id=\"25185de\" data-element_type=\"widget\" data-widget_type=\"heading.default\">\n\t\t\t\t<div class=\"elementor-widget-container\">\n\t\t\t\t\t<h2 class=\"elementor-heading-title elementor-size-default\">7. Subcontractors and sub-processors<\/h2>\t\t\t\t<\/div>\n\t\t\t\t<\/div>\n\t\t\t\t<div class=\"elementor-element elementor-element-efd8e58 elementor-widget elementor-widget-text-editor\" data-id=\"efd8e58\" data-element_type=\"widget\" data-widget_type=\"text-editor.default\">\n\t\t\t\t<div class=\"elementor-widget-container\">\n\t\t\t\t\t\t\t\t\t<p><span class=\"color-black\">We have engaged service providers and sub-processors to organize the masterclass.<\/span><\/p><p><span class=\"color-black\">Where necessary, data processing agreements in accordance with Article 28 GDPR and EU Standard Contractual Clauses have been signed with these service providers.<\/span><\/p><p><span class=\"color-black\">Careful selection of service providers is a matter of course for us within the framework of our information security strategy.<\/span><\/p><p><span class=\"color-black\">The planning and organization of the event is carried out by:<\/span><\/p><p><span class=\"color-black\">artribute GmbH &amp; Co. KG<\/span><br \/><span class=\"color-black\">Littenstra\u00dfe 106-107<\/span><br \/><span class=\"color-black\">10179 Berlin<\/span><\/p>\t\t\t\t\t\t\t\t<\/div>\n\t\t\t\t<\/div>\n\t\t\t\t<\/div>\n\t\t\t\t<\/div>\n\t\t\t\t<\/div>\n\t\t<div class=\"elementor-element elementor-element-49926ab e-con-full elementor-hidden-mobile e-flex e-con e-child\" data-id=\"49926ab\" data-element_type=\"container\">\n\t\t<div class=\"elementor-element elementor-element-eb7cd25 e-con-full e-flex e-con e-child\" data-id=\"eb7cd25\" data-element_type=\"container\" data-settings=\"{&quot;background_background&quot;:&quot;classic&quot;,&quot;sticky&quot;:&quot;top&quot;,&quot;sticky_on&quot;:[&quot;widescreen&quot;,&quot;desktop&quot;,&quot;laptop&quot;,&quot;tablet_extra&quot;,&quot;tablet&quot;],&quot;sticky_offset&quot;:100,&quot;sticky_effects_offset&quot;:100,&quot;sticky_parent&quot;:&quot;yes&quot;,&quot;sticky_anchor_link_offset&quot;:0}\">\n\t\t\t\t<div class=\"elementor-element elementor-element-ef71deb elementor-widget__width-initial elementor-widget-tablet__width-inherit elementor-widget elementor-widget-table-of-contents\" data-id=\"ef71deb\" data-element_type=\"widget\" data-settings=\"{&quot;headings_by_tags&quot;:[&quot;h2&quot;],&quot;exclude_headings_by_selector&quot;:[],&quot;marker_view&quot;:&quot;bullets&quot;,&quot;icon&quot;:{&quot;value&quot;:&quot;&quot;,&quot;library&quot;:&quot;&quot;},&quot;min_height&quot;:{&quot;unit&quot;:&quot;px&quot;,&quot;size&quot;:&quot;&quot;,&quot;sizes&quot;:[]},&quot;min_height_widescreen&quot;:{&quot;unit&quot;:&quot;px&quot;,&quot;size&quot;:&quot;&quot;,&quot;sizes&quot;:[]},&quot;min_height_laptop&quot;:{&quot;unit&quot;:&quot;px&quot;,&quot;size&quot;:&quot;&quot;,&quot;sizes&quot;:[]},&quot;min_height_tablet_extra&quot;:{&quot;unit&quot;:&quot;px&quot;,&quot;size&quot;:&quot;&quot;,&quot;sizes&quot;:[]},&quot;min_height_tablet&quot;:{&quot;unit&quot;:&quot;px&quot;,&quot;size&quot;:&quot;&quot;,&quot;sizes&quot;:[]},&quot;min_height_mobile&quot;:{&quot;unit&quot;:&quot;px&quot;,&quot;size&quot;:&quot;&quot;,&quot;sizes&quot;:[]}}\" data-widget_type=\"table-of-contents.default\">\n\t\t\t\t<div class=\"elementor-widget-container\">\n\t\t\t\t\t\t\t\t\t<div class=\"elementor-toc__header\">\n\t\t\t\t\t\t<h4 class=\"elementor-toc__header-title\">\n\t\t\t\tTable of Contents\t\t\t<\/h4>\n\t\t\t\t\t\t\t\t<\/div>\n\t\t\t\t<div id=\"elementor-toc__ef71deb\" class=\"elementor-toc__body\">\n\t\t\t<div class=\"elementor-toc__spinner-container\">\n\t\t\t\t<svg class=\"elementor-toc__spinner eicon-animation-spin e-font-icon-svg e-eicon-loading\" aria-hidden=\"true\" viewBox=\"0 0 1000 1000\" xmlns=\"http:\/\/www.w3.org\/2000\/svg\"><path d=\"M500 975V858C696 858 858 696 858 500S696 142 500 142 142 304 142 500H25C25 237 238 25 500 25S975 237 975 500 763 975 500 975Z\"><\/path><\/svg>\t\t\t<\/div>\n\t\t<\/div>\n\t\t\t\t\t\t<\/div>\n\t\t\t\t<\/div>\n\t\t\t\t<\/div>\n\t\t\t\t<\/div>\n\t\t\t\t\t<\/div>\n\t\t\t\t<\/div>\n\t\t\t\t<\/div>\n\t\t","protected":false},"excerpt":{"rendered":"<p>Im Rahmen der Masterclass bieten wir Ihnen eine Konferenz zu aktuellen Themen und Produkten von amasol und unseren Partnern an. Um Ihnen eine gr\u00f6\u00dftm\u00f6gliche Transparenz zu bieten, erl\u00e4utern wir Ihnen im Folgenden, welche Daten wir im Rahmen Ihrer Anmeldung zu einer Veranstaltung erheben und wie wir damit umgehen.<\/p>","protected":false},"author":259155764,"featured_media":24823,"parent":18480,"menu_order":0,"comment_status":"closed","ping_status":"closed","template":"elementor_header_footer","meta":{"footnotes":""},"class_list":["post-26321","page","type-page","status-publish","has-post-thumbnail","hentry"],"_links":{"self":[{"href":"https:\/\/amasol.com\/de\/wp-json\/wp\/v2\/pages\/26321","targetHints":{"allow":["GET"]}}],"collection":[{"href":"https:\/\/amasol.com\/de\/wp-json\/wp\/v2\/pages"}],"about":[{"href":"https:\/\/amasol.com\/de\/wp-json\/wp\/v2\/types\/page"}],"author":[{"embeddable":true,"href":"https:\/\/amasol.com\/de\/wp-json\/wp\/v2\/users\/259155764"}],"replies":[{"embeddable":true,"href":"https:\/\/amasol.com\/de\/wp-json\/wp\/v2\/comments?post=26321"}],"version-history":[{"count":3,"href":"https:\/\/amasol.com\/de\/wp-json\/wp\/v2\/pages\/26321\/revisions"}],"predecessor-version":[{"id":34565,"href":"https:\/\/amasol.com\/de\/wp-json\/wp\/v2\/pages\/26321\/revisions\/34565"}],"up":[{"embeddable":true,"href":"https:\/\/amasol.com\/de\/wp-json\/wp\/v2\/pages\/18480"}],"wp:featuredmedia":[{"embeddable":true,"href":"https:\/\/amasol.com\/de\/wp-json\/wp\/v2\/media\/24823"}],"wp:attachment":[{"href":"https:\/\/amasol.com\/de\/wp-json\/wp\/v2\/media?parent=26321"}],"curies":[{"name":"wp","href":"https:\/\/api.w.org\/{rel}","templated":true}]}}